{"id":9640,"date":"2021-05-31T16:44:32","date_gmt":"2021-05-31T14:44:32","guid":{"rendered":"https:\/\/wat-media.nl\/secrete\/"},"modified":"2024-10-17T12:13:38","modified_gmt":"2024-10-17T10:13:38","slug":"secrete","status":"publish","type":"page","link":"https:\/\/wat-media.nl\/fr\/secrete\/","title":{"rendered":"Secr\u00e8te"},"content":{"rendered":"<div class=\"fusion-fullwidth fullwidth-box fusion-builder-row-1 fusion-flex-container has-pattern-background has-mask-background nonhundred-percent-fullwidth non-hundred-percent-height-scrolling\" style=\"--awb-border-radius-top-left:0px;--awb-border-radius-top-right:0px;--awb-border-radius-bottom-right:0px;--awb-border-radius-bottom-left:0px;--awb-padding-top:50px;--awb-flex-wrap:wrap;\" ><div class=\"fusion-builder-row fusion-row fusion-flex-align-items-flex-start fusion-flex-content-wrap\" style=\"max-width:1497.6px;margin-left: calc(-4% \/ 2 );margin-right: calc(-4% \/ 2 );\"><div class=\"fusion-layout-column fusion_builder_column fusion-builder-column-0 fusion_builder_column_1_1 1_1 fusion-flex-column\" style=\"--awb-bg-size:cover;--awb-width-large:100%;--awb-margin-top-large:0px;--awb-spacing-right-large:1.92%;--awb-margin-bottom-large:20px;--awb-spacing-left-large:1.92%;--awb-width-medium:100%;--awb-order-medium:0;--awb-spacing-right-medium:1.92%;--awb-spacing-left-medium:1.92%;--awb-width-small:100%;--awb-order-small:0;--awb-spacing-right-small:1.92%;--awb-spacing-left-small:1.92%;\"><div class=\"fusion-column-wrapper fusion-column-has-shadow fusion-flex-justify-content-flex-start fusion-content-layout-column\"><div class=\"fusion-text fusion-text-1\" style=\"--awb-text-transform:none;\"><p>F\u00e9licitations ! Vous avez trouv\u00e9 notre <strong>\u00ab\u00a0Page Secr\u00e8te\u00a0\u00bb<\/strong> . Ce n&rsquo;est pas que cela vous soit tr\u00e8s utile, car ce n&rsquo;est pas pour rien qu&rsquo;elle est cach\u00e9e. D&rsquo;autre part, et c&rsquo;est votre r\u00e9compense, ici vous pouvez voir ce que la plupart des gens ne voient g\u00e9n\u00e9ralement pas ; nos images dites \u00ab\u00a0Derri\u00e8re les Coulisses\u00a0\u00bb. Cela montre que nous travaillons tous dur pour cr\u00e9er quelque chose de beau et de bon pour nos clients. Et surtout que nous prenons beaucoup de plaisir \u00e0 le faire. Car cr\u00e9er de belles et bonnes choses est la plus agr\u00e9able des activit\u00e9s. C&rsquo;est pourquoi nous nous levons du lit chaque jour. C&rsquo;est pourquoi nous allumons les lumi\u00e8res de notre bureau, et apr\u00e8s une journ\u00e9e (ou une nuit) de labeur, nous les \u00e9teignons tr\u00e8s satisfaits. En sachant que nous avons encore r\u00e9alis\u00e9 quelque chose. Et nous ne faisons pas de secret de cela sur la partie avant de notre site&#8230;<\/p>\n<\/div><div class=\"fusion-text fusion-text-2\" style=\"--awb-text-transform:none;\">ngg_shortcode_0_placeholder\n<\/div><\/div><\/div><\/div><\/div>\n","protected":false},"excerpt":{"rendered":"","protected":false},"author":1,"featured_media":0,"parent":0,"menu_order":0,"comment_status":"closed","ping_status":"closed","template":"100-width.php","meta":{"ngg_post_thumbnail":0,"footnotes":""},"class_list":["post-9640","page","type-page","status-publish","hentry"],"yoast_head":"<!-- This site is optimized with the Yoast SEO plugin v26.6 - https:\/\/yoast.com\/wordpress\/plugins\/seo\/ -->\n<title>Secr\u00e8te - ?!WAT Media<\/title>\n<meta name=\"robots\" content=\"noindex, nofollow\" \/>\n<meta property=\"og:locale\" content=\"fr_FR\" \/>\n<meta property=\"og:type\" content=\"article\" \/>\n<meta property=\"og:title\" content=\"Secr\u00e8te - ?!WAT Media\" \/>\n<meta property=\"og:url\" content=\"https:\/\/wat-media.nl\/fr\/secrete\/\" \/>\n<meta property=\"og:site_name\" content=\"?!WAT Media\" \/>\n<meta property=\"article:publisher\" content=\"https:\/\/www.facebook.com\/WATMedia.nl\/\" \/>\n<meta property=\"article:modified_time\" content=\"2024-10-17T10:13:38+00:00\" \/>\n<meta name=\"twitter:card\" content=\"summary_large_image\" \/>\n<meta name=\"twitter:label1\" content=\"Dur\u00e9e de lecture estim\u00e9e\" \/>\n\t<meta name=\"twitter:data1\" content=\"5 minutes\" \/>\n<script type=\"application\/ld+json\" class=\"yoast-schema-graph\">{\"@context\":\"https:\/\/schema.org\",\"@graph\":[{\"@type\":\"WebPage\",\"@id\":\"https:\/\/wat-media.nl\/fr\/secrete\/\",\"url\":\"https:\/\/wat-media.nl\/fr\/secrete\/\",\"name\":\"Secr\u00e8te - ?!WAT Media\",\"isPartOf\":{\"@id\":\"https:\/\/wat-media.nl\/fr\/#website\"},\"datePublished\":\"2021-05-31T14:44:32+00:00\",\"dateModified\":\"2024-10-17T10:13:38+00:00\",\"breadcrumb\":{\"@id\":\"https:\/\/wat-media.nl\/fr\/secrete\/#breadcrumb\"},\"inLanguage\":\"fr-FR\",\"potentialAction\":[{\"@type\":\"ReadAction\",\"target\":[\"https:\/\/wat-media.nl\/fr\/secrete\/\"]}]},{\"@type\":\"BreadcrumbList\",\"@id\":\"https:\/\/wat-media.nl\/fr\/secrete\/#breadcrumb\",\"itemListElement\":[{\"@type\":\"ListItem\",\"position\":1,\"name\":\"Home\",\"item\":\"https:\/\/wat-media.nl\/fr\/\"},{\"@type\":\"ListItem\",\"position\":2,\"name\":\"Secr\u00e8te\"}]},{\"@type\":\"WebSite\",\"@id\":\"https:\/\/wat-media.nl\/fr\/#website\",\"url\":\"https:\/\/wat-media.nl\/fr\/\",\"name\":\"?!WAT Media\",\"description\":\"Voor al uw media oplossingen\",\"publisher\":{\"@id\":\"https:\/\/wat-media.nl\/fr\/#organization\"},\"potentialAction\":[{\"@type\":\"SearchAction\",\"target\":{\"@type\":\"EntryPoint\",\"urlTemplate\":\"https:\/\/wat-media.nl\/fr\/?s={search_term_string}\"},\"query-input\":{\"@type\":\"PropertyValueSpecification\",\"valueRequired\":true,\"valueName\":\"search_term_string\"}}],\"inLanguage\":\"fr-FR\"},{\"@type\":\"Organization\",\"@id\":\"https:\/\/wat-media.nl\/fr\/#organization\",\"name\":\"?!WAT Media\",\"url\":\"https:\/\/wat-media.nl\/fr\/\",\"logo\":{\"@type\":\"ImageObject\",\"inLanguage\":\"fr-FR\",\"@id\":\"https:\/\/wat-media.nl\/fr\/#\/schema\/logo\/image\/\",\"url\":\"https:\/\/wat-media.nl\/wp-content\/uploads\/WAT-media-op-Wit.png\",\"contentUrl\":\"https:\/\/wat-media.nl\/wp-content\/uploads\/WAT-media-op-Wit.png\",\"width\":429,\"height\":155,\"caption\":\"?!WAT Media\"},\"image\":{\"@id\":\"https:\/\/wat-media.nl\/fr\/#\/schema\/logo\/image\/\"},\"sameAs\":[\"https:\/\/www.facebook.com\/WATMedia.nl\/\",\"https:\/\/www.instagram.com\/wat_media\/\",\"https:\/\/www.linkedin.com\/company\/wat-media\/\",\"https:\/\/www.youtube.com\/channel\/UC7PzeXY4ctU7UgGhj-hfZ6w\"]}]}<\/script>\n<!-- \/ Yoast SEO plugin. -->","yoast_head_json":{"title":"Secr\u00e8te - ?!WAT Media","robots":{"index":"noindex","follow":"nofollow"},"og_locale":"fr_FR","og_type":"article","og_title":"Secr\u00e8te - ?!WAT Media","og_url":"https:\/\/wat-media.nl\/fr\/secrete\/","og_site_name":"?!WAT Media","article_publisher":"https:\/\/www.facebook.com\/WATMedia.nl\/","article_modified_time":"2024-10-17T10:13:38+00:00","twitter_card":"summary_large_image","twitter_misc":{"Dur\u00e9e de lecture estim\u00e9e":"5 minutes"},"schema":{"@context":"https:\/\/schema.org","@graph":[{"@type":"WebPage","@id":"https:\/\/wat-media.nl\/fr\/secrete\/","url":"https:\/\/wat-media.nl\/fr\/secrete\/","name":"Secr\u00e8te - ?!WAT Media","isPartOf":{"@id":"https:\/\/wat-media.nl\/fr\/#website"},"datePublished":"2021-05-31T14:44:32+00:00","dateModified":"2024-10-17T10:13:38+00:00","breadcrumb":{"@id":"https:\/\/wat-media.nl\/fr\/secrete\/#breadcrumb"},"inLanguage":"fr-FR","potentialAction":[{"@type":"ReadAction","target":["https:\/\/wat-media.nl\/fr\/secrete\/"]}]},{"@type":"BreadcrumbList","@id":"https:\/\/wat-media.nl\/fr\/secrete\/#breadcrumb","itemListElement":[{"@type":"ListItem","position":1,"name":"Home","item":"https:\/\/wat-media.nl\/fr\/"},{"@type":"ListItem","position":2,"name":"Secr\u00e8te"}]},{"@type":"WebSite","@id":"https:\/\/wat-media.nl\/fr\/#website","url":"https:\/\/wat-media.nl\/fr\/","name":"?!WAT Media","description":"Voor al uw media oplossingen","publisher":{"@id":"https:\/\/wat-media.nl\/fr\/#organization"},"potentialAction":[{"@type":"SearchAction","target":{"@type":"EntryPoint","urlTemplate":"https:\/\/wat-media.nl\/fr\/?s={search_term_string}"},"query-input":{"@type":"PropertyValueSpecification","valueRequired":true,"valueName":"search_term_string"}}],"inLanguage":"fr-FR"},{"@type":"Organization","@id":"https:\/\/wat-media.nl\/fr\/#organization","name":"?!WAT Media","url":"https:\/\/wat-media.nl\/fr\/","logo":{"@type":"ImageObject","inLanguage":"fr-FR","@id":"https:\/\/wat-media.nl\/fr\/#\/schema\/logo\/image\/","url":"https:\/\/wat-media.nl\/wp-content\/uploads\/WAT-media-op-Wit.png","contentUrl":"https:\/\/wat-media.nl\/wp-content\/uploads\/WAT-media-op-Wit.png","width":429,"height":155,"caption":"?!WAT Media"},"image":{"@id":"https:\/\/wat-media.nl\/fr\/#\/schema\/logo\/image\/"},"sameAs":["https:\/\/www.facebook.com\/WATMedia.nl\/","https:\/\/www.instagram.com\/wat_media\/","https:\/\/www.linkedin.com\/company\/wat-media\/","https:\/\/www.youtube.com\/channel\/UC7PzeXY4ctU7UgGhj-hfZ6w"]}]}},"_links":{"self":[{"href":"https:\/\/wat-media.nl\/fr\/wp-json\/wp\/v2\/pages\/9640","targetHints":{"allow":["GET"]}}],"collection":[{"href":"https:\/\/wat-media.nl\/fr\/wp-json\/wp\/v2\/pages"}],"about":[{"href":"https:\/\/wat-media.nl\/fr\/wp-json\/wp\/v2\/types\/page"}],"author":[{"embeddable":true,"href":"https:\/\/wat-media.nl\/fr\/wp-json\/wp\/v2\/users\/1"}],"replies":[{"embeddable":true,"href":"https:\/\/wat-media.nl\/fr\/wp-json\/wp\/v2\/comments?post=9640"}],"version-history":[{"count":4,"href":"https:\/\/wat-media.nl\/fr\/wp-json\/wp\/v2\/pages\/9640\/revisions"}],"predecessor-version":[{"id":9648,"href":"https:\/\/wat-media.nl\/fr\/wp-json\/wp\/v2\/pages\/9640\/revisions\/9648"}],"wp:attachment":[{"href":"https:\/\/wat-media.nl\/fr\/wp-json\/wp\/v2\/media?parent=9640"}],"curies":[{"name":"wp","href":"https:\/\/api.w.org\/{rel}","templated":true}]}}