{"id":9565,"date":"2021-09-05T07:44:38","date_gmt":"2021-09-05T05:44:38","guid":{"rendered":"https:\/\/wat-media.nl\/email-disclaimer\/"},"modified":"2024-10-08T15:32:00","modified_gmt":"2024-10-08T13:32:00","slug":"email-disclaimer","status":"publish","type":"page","link":"https:\/\/wat-media.nl\/fr\/email-disclaimer\/","title":{"rendered":"Email disclaimer"},"content":{"rendered":"<p><div class=\"fusion-fullwidth fullwidth-box fusion-builder-row-1 fusion-flex-container nonhundred-percent-fullwidth non-hundred-percent-height-scrolling\" style=\"--awb-border-radius-top-left:0px;--awb-border-radius-top-right:0px;--awb-border-radius-bottom-right:0px;--awb-border-radius-bottom-left:0px;--awb-padding-top:70px;--awb-padding-bottom:30px;--awb-flex-wrap:wrap;\" ><div class=\"fusion-builder-row fusion-row fusion-flex-align-items-flex-start fusion-flex-content-wrap\" style=\"max-width:1497.6px;margin-left: calc(-4% \/ 2 );margin-right: calc(-4% \/ 2 );\"><div class=\"fusion-layout-column fusion_builder_column fusion-builder-column-0 fusion_builder_column_1_1 1_1 fusion-flex-column\" style=\"--awb-bg-size:cover;--awb-width-large:100%;--awb-margin-top-large:0px;--awb-spacing-right-large:1.92%;--awb-margin-bottom-large:20px;--awb-spacing-left-large:1.92%;--awb-width-medium:100%;--awb-order-medium:0;--awb-spacing-right-medium:1.92%;--awb-spacing-left-medium:1.92%;--awb-width-small:100%;--awb-order-small:0;--awb-spacing-right-small:1.92%;--awb-spacing-left-small:1.92%;\"><div class=\"fusion-column-wrapper fusion-column-has-shadow fusion-flex-justify-content-flex-start fusion-content-layout-column\"><div class=\"fusion-text fusion-text-1\"><h4 style=\"text-align: center;\"><strong>Email disclaimer<\/strong><\/h4>\n<p>IMPORTANT : Ceci est un message priv\u00e9 et confidentiel. Si vous avez re\u00e7u ce message par erreur, veuillez nous en informer et supprimer le message de votre syst\u00e8me. ?!WAT Media peut contr\u00f4ler les donn\u00e9es du trafic e-mail et le contenu des e-mails \u00e0 des fins de s\u00e9curit\u00e9 et de formation. Ce message (et toute pi\u00e8ce jointe) est destin\u00e9 uniquement \u00e0 l&rsquo;usage du destinataire et peut contenir des informations confidentielles, prot\u00e9g\u00e9es par le droit d&rsquo;auteur ou relevant du secret commercial. Si vous n&rsquo;\u00eates pas le destinataire pr\u00e9vu, toute divulgation, reproduction, distribution et\/ou transmission de ce message, de toute partie de celui-ci ou de ses pi\u00e8ces jointes \u00e0 des tiers est strictement interdite. Si vous avez re\u00e7u ce message par erreur, veuillez nous en informer imm\u00e9diatement en r\u00e9pondant \u00e0 ce message, puis supprimer le message de votre syst\u00e8me. Les opinions ou points de vue exprim\u00e9s sont uniquement ceux de l&rsquo;auteur ?!WAT Media et ne refl\u00e8tent pas n\u00e9cessairement ceux de l&rsquo;entreprise.<\/p>\n<\/div><\/div><\/div><\/div><\/div><div class=\"fusion-fullwidth fullwidth-box fusion-builder-row-2 fusion-flex-container has-pattern-background has-mask-background nonhundred-percent-fullwidth non-hundred-percent-height-scrolling fusion-sticky-container fusion-custom-z-index\" style=\"--awb-border-radius-top-left:0px;--awb-border-radius-top-right:0px;--awb-border-radius-bottom-right:0px;--awb-border-radius-bottom-left:0px;--awb-z-index:9998;--awb-padding-left:100px;--awb-padding-top-medium:15px;--awb-padding-right-medium:30px;--awb-padding-bottom-medium:30px;--awb-padding-left-medium:30px;--awb-padding-top-small:15px;--awb-padding-right-small:20px;--awb-padding-bottom-small:30px;--awb-padding-left-small:20px;--awb-background-color:#ff6600;--awb-flex-wrap:wrap;\" data-transition-offset=\"0\" data-scroll-offset=\"0\" data-sticky-medium-visibility=\"1\" data-sticky-large-visibility=\"1\" ><div class=\"fusion-builder-row fusion-row fusion-flex-align-items-center fusion-flex-justify-content-center fusion-flex-content-wrap\" style=\"max-width:1497.6px;margin-left: calc(-4% \/ 2 );margin-right: calc(-4% \/ 2 );\"><div class=\"fusion-layout-column fusion_builder_column fusion-builder-column-1 fusion_builder_column_2_3 2_3 fusion-flex-column\" style=\"--awb-padding-top:20px;--awb-bg-size:cover;--awb-width-large:66.666666666667%;--awb-margin-top-large:0px;--awb-spacing-right-large:2.88%;--awb-margin-bottom-large:0px;--awb-spacing-left-large:2.88%;--awb-width-medium:100%;--awb-order-medium:0;--awb-spacing-right-medium:1.92%;--awb-spacing-left-medium:1.92%;--awb-width-small:100%;--awb-order-small:0;--awb-spacing-right-small:1.92%;--awb-spacing-left-small:1.92%;\"><div class=\"fusion-column-wrapper fusion-column-has-shadow fusion-flex-justify-content-flex-start fusion-content-layout-column\"><div class=\"fusion-text fusion-text-2 sm-text-align-center\" style=\"--awb-font-size:20px;\"><div class=\"fusion-text fusion-text-2\"><\/div>\n<p><strong><em>Wil je: Een strakke route? Een goede indruk achterlaten? Klanten die terugkomen? Maximaal rendement? Een goed gevoel? Effectief jagen? Een partner die meedenkt? Druk dan op de knop\u2026!<\/em><\/strong><\/p>\n<\/div><\/div><\/div><div class=\"fusion-layout-column fusion_builder_column fusion-builder-column-2 fusion_builder_column_1_3 1_3 fusion-flex-column\" style=\"--awb-bg-size:cover;--awb-width-large:33.333333333333%;--awb-margin-top-large:0px;--awb-spacing-right-large:5.76%;--awb-margin-bottom-large:0px;--awb-spacing-left-large:5.76%;--awb-width-medium:100%;--awb-order-medium:0;--awb-spacing-right-medium:1.92%;--awb-spacing-left-medium:1.92%;--awb-width-small:100%;--awb-order-small:0;--awb-spacing-right-small:1.92%;--awb-spacing-left-small:1.92%;\"><div class=\"fusion-column-wrapper fusion-column-has-shadow fusion-flex-justify-content-center fusion-content-layout-column\"><div style=\"text-align:center;\"><a class=\"fusion-button button-flat button-large button-custom fusion-button-default button-1 fusion-button-default-span fusion-button-default-type\" style=\"--button_accent_color:#ffffff;--button_accent_hover_color:#ff6600;--button_border_hover_color:#ffffff;--button_border_width-top:0px;--button_border_width-right:0px;--button_border_width-bottom:0px;--button_border_width-left:0px;--button_gradient_top_color:#000000;--button_gradient_bottom_color:#000000;--button_gradient_top_color_hover:#000000;--button_gradient_bottom_color_hover:#000000;--button_text_transform:uppercase;\" target=\"_self\" href=\"\/contact\/\"><span class=\"fusion-button-text awb-button__text awb-button__text--default\">Neem contact op<\/span><\/a><\/div><\/div><\/div><\/div><\/div>\n<\/p>\n","protected":false},"excerpt":{"rendered":"","protected":false},"author":1,"featured_media":0,"parent":0,"menu_order":0,"comment_status":"closed","ping_status":"closed","template":"100-width.php","meta":{"ngg_post_thumbnail":0,"footnotes":""},"class_list":["post-9565","page","type-page","status-publish","hentry"],"yoast_head":"<!-- This site is optimized with the Yoast SEO plugin v26.6 - https:\/\/yoast.com\/wordpress\/plugins\/seo\/ -->\n<title>Email disclaimer - ?!WAT Media<\/title>\n<meta name=\"robots\" content=\"index, follow, max-snippet:-1, max-image-preview:large, max-video-preview:-1\" \/>\n<link rel=\"canonical\" href=\"https:\/\/wat-media.nl\/fr\/email-disclaimer\/\" \/>\n<meta property=\"og:locale\" content=\"fr_FR\" \/>\n<meta property=\"og:type\" content=\"article\" \/>\n<meta property=\"og:title\" content=\"Email disclaimer - ?!WAT Media\" \/>\n<meta property=\"og:url\" content=\"https:\/\/wat-media.nl\/fr\/email-disclaimer\/\" \/>\n<meta property=\"og:site_name\" content=\"?!WAT Media\" \/>\n<meta property=\"article:publisher\" content=\"https:\/\/www.facebook.com\/WATMedia.nl\/\" \/>\n<meta property=\"article:modified_time\" content=\"2024-10-08T13:32:00+00:00\" \/>\n<meta name=\"twitter:card\" content=\"summary_large_image\" \/>\n<meta name=\"twitter:label1\" content=\"Dur\u00e9e de lecture estim\u00e9e\" \/>\n\t<meta name=\"twitter:data1\" content=\"4 minutes\" \/>\n<script type=\"application\/ld+json\" class=\"yoast-schema-graph\">{\"@context\":\"https:\/\/schema.org\",\"@graph\":[{\"@type\":\"WebPage\",\"@id\":\"https:\/\/wat-media.nl\/fr\/email-disclaimer\/\",\"url\":\"https:\/\/wat-media.nl\/fr\/email-disclaimer\/\",\"name\":\"Email disclaimer - ?!WAT Media\",\"isPartOf\":{\"@id\":\"https:\/\/wat-media.nl\/fr\/#website\"},\"datePublished\":\"2021-09-05T05:44:38+00:00\",\"dateModified\":\"2024-10-08T13:32:00+00:00\",\"breadcrumb\":{\"@id\":\"https:\/\/wat-media.nl\/fr\/email-disclaimer\/#breadcrumb\"},\"inLanguage\":\"fr-FR\",\"potentialAction\":[{\"@type\":\"ReadAction\",\"target\":[\"https:\/\/wat-media.nl\/fr\/email-disclaimer\/\"]}]},{\"@type\":\"BreadcrumbList\",\"@id\":\"https:\/\/wat-media.nl\/fr\/email-disclaimer\/#breadcrumb\",\"itemListElement\":[{\"@type\":\"ListItem\",\"position\":1,\"name\":\"Home\",\"item\":\"https:\/\/wat-media.nl\/fr\/\"},{\"@type\":\"ListItem\",\"position\":2,\"name\":\"Email disclaimer\"}]},{\"@type\":\"WebSite\",\"@id\":\"https:\/\/wat-media.nl\/fr\/#website\",\"url\":\"https:\/\/wat-media.nl\/fr\/\",\"name\":\"?!WAT Media\",\"description\":\"Voor al uw media oplossingen\",\"publisher\":{\"@id\":\"https:\/\/wat-media.nl\/fr\/#organization\"},\"potentialAction\":[{\"@type\":\"SearchAction\",\"target\":{\"@type\":\"EntryPoint\",\"urlTemplate\":\"https:\/\/wat-media.nl\/fr\/?s={search_term_string}\"},\"query-input\":{\"@type\":\"PropertyValueSpecification\",\"valueRequired\":true,\"valueName\":\"search_term_string\"}}],\"inLanguage\":\"fr-FR\"},{\"@type\":\"Organization\",\"@id\":\"https:\/\/wat-media.nl\/fr\/#organization\",\"name\":\"?!WAT Media\",\"url\":\"https:\/\/wat-media.nl\/fr\/\",\"logo\":{\"@type\":\"ImageObject\",\"inLanguage\":\"fr-FR\",\"@id\":\"https:\/\/wat-media.nl\/fr\/#\/schema\/logo\/image\/\",\"url\":\"https:\/\/wat-media.nl\/wp-content\/uploads\/WAT-media-op-Wit.png\",\"contentUrl\":\"https:\/\/wat-media.nl\/wp-content\/uploads\/WAT-media-op-Wit.png\",\"width\":429,\"height\":155,\"caption\":\"?!WAT Media\"},\"image\":{\"@id\":\"https:\/\/wat-media.nl\/fr\/#\/schema\/logo\/image\/\"},\"sameAs\":[\"https:\/\/www.facebook.com\/WATMedia.nl\/\",\"https:\/\/www.instagram.com\/wat_media\/\",\"https:\/\/www.linkedin.com\/company\/wat-media\/\",\"https:\/\/www.youtube.com\/channel\/UC7PzeXY4ctU7UgGhj-hfZ6w\"]}]}<\/script>\n<!-- \/ Yoast SEO plugin. -->","yoast_head_json":{"title":"Email disclaimer - ?!WAT Media","robots":{"index":"index","follow":"follow","max-snippet":"max-snippet:-1","max-image-preview":"max-image-preview:large","max-video-preview":"max-video-preview:-1"},"canonical":"https:\/\/wat-media.nl\/fr\/email-disclaimer\/","og_locale":"fr_FR","og_type":"article","og_title":"Email disclaimer - ?!WAT Media","og_url":"https:\/\/wat-media.nl\/fr\/email-disclaimer\/","og_site_name":"?!WAT Media","article_publisher":"https:\/\/www.facebook.com\/WATMedia.nl\/","article_modified_time":"2024-10-08T13:32:00+00:00","twitter_card":"summary_large_image","twitter_misc":{"Dur\u00e9e de lecture estim\u00e9e":"4 minutes"},"schema":{"@context":"https:\/\/schema.org","@graph":[{"@type":"WebPage","@id":"https:\/\/wat-media.nl\/fr\/email-disclaimer\/","url":"https:\/\/wat-media.nl\/fr\/email-disclaimer\/","name":"Email disclaimer - ?!WAT Media","isPartOf":{"@id":"https:\/\/wat-media.nl\/fr\/#website"},"datePublished":"2021-09-05T05:44:38+00:00","dateModified":"2024-10-08T13:32:00+00:00","breadcrumb":{"@id":"https:\/\/wat-media.nl\/fr\/email-disclaimer\/#breadcrumb"},"inLanguage":"fr-FR","potentialAction":[{"@type":"ReadAction","target":["https:\/\/wat-media.nl\/fr\/email-disclaimer\/"]}]},{"@type":"BreadcrumbList","@id":"https:\/\/wat-media.nl\/fr\/email-disclaimer\/#breadcrumb","itemListElement":[{"@type":"ListItem","position":1,"name":"Home","item":"https:\/\/wat-media.nl\/fr\/"},{"@type":"ListItem","position":2,"name":"Email disclaimer"}]},{"@type":"WebSite","@id":"https:\/\/wat-media.nl\/fr\/#website","url":"https:\/\/wat-media.nl\/fr\/","name":"?!WAT Media","description":"Voor al uw media oplossingen","publisher":{"@id":"https:\/\/wat-media.nl\/fr\/#organization"},"potentialAction":[{"@type":"SearchAction","target":{"@type":"EntryPoint","urlTemplate":"https:\/\/wat-media.nl\/fr\/?s={search_term_string}"},"query-input":{"@type":"PropertyValueSpecification","valueRequired":true,"valueName":"search_term_string"}}],"inLanguage":"fr-FR"},{"@type":"Organization","@id":"https:\/\/wat-media.nl\/fr\/#organization","name":"?!WAT Media","url":"https:\/\/wat-media.nl\/fr\/","logo":{"@type":"ImageObject","inLanguage":"fr-FR","@id":"https:\/\/wat-media.nl\/fr\/#\/schema\/logo\/image\/","url":"https:\/\/wat-media.nl\/wp-content\/uploads\/WAT-media-op-Wit.png","contentUrl":"https:\/\/wat-media.nl\/wp-content\/uploads\/WAT-media-op-Wit.png","width":429,"height":155,"caption":"?!WAT Media"},"image":{"@id":"https:\/\/wat-media.nl\/fr\/#\/schema\/logo\/image\/"},"sameAs":["https:\/\/www.facebook.com\/WATMedia.nl\/","https:\/\/www.instagram.com\/wat_media\/","https:\/\/www.linkedin.com\/company\/wat-media\/","https:\/\/www.youtube.com\/channel\/UC7PzeXY4ctU7UgGhj-hfZ6w"]}]}},"_links":{"self":[{"href":"https:\/\/wat-media.nl\/fr\/wp-json\/wp\/v2\/pages\/9565","targetHints":{"allow":["GET"]}}],"collection":[{"href":"https:\/\/wat-media.nl\/fr\/wp-json\/wp\/v2\/pages"}],"about":[{"href":"https:\/\/wat-media.nl\/fr\/wp-json\/wp\/v2\/types\/page"}],"author":[{"embeddable":true,"href":"https:\/\/wat-media.nl\/fr\/wp-json\/wp\/v2\/users\/1"}],"replies":[{"embeddable":true,"href":"https:\/\/wat-media.nl\/fr\/wp-json\/wp\/v2\/comments?post=9565"}],"version-history":[{"count":2,"href":"https:\/\/wat-media.nl\/fr\/wp-json\/wp\/v2\/pages\/9565\/revisions"}],"predecessor-version":[{"id":9567,"href":"https:\/\/wat-media.nl\/fr\/wp-json\/wp\/v2\/pages\/9565\/revisions\/9567"}],"wp:attachment":[{"href":"https:\/\/wat-media.nl\/fr\/wp-json\/wp\/v2\/media?parent=9565"}],"curies":[{"name":"wp","href":"https:\/\/api.w.org\/{rel}","templated":true}]}}