{"id":9632,"date":"2021-05-31T16:44:32","date_gmt":"2021-05-31T14:44:32","guid":{"rendered":"https:\/\/wat-media.nl\/secreta\/"},"modified":"2024-10-17T12:13:37","modified_gmt":"2024-10-17T10:13:37","slug":"secreta","status":"publish","type":"page","link":"https:\/\/wat-media.nl\/es\/secreta\/","title":{"rendered":"Secreta"},"content":{"rendered":"<div class=\"fusion-fullwidth fullwidth-box fusion-builder-row-1 fusion-flex-container has-pattern-background has-mask-background nonhundred-percent-fullwidth non-hundred-percent-height-scrolling\" style=\"--awb-border-radius-top-left:0px;--awb-border-radius-top-right:0px;--awb-border-radius-bottom-right:0px;--awb-border-radius-bottom-left:0px;--awb-padding-top:50px;--awb-flex-wrap:wrap;\" ><div class=\"fusion-builder-row fusion-row fusion-flex-align-items-flex-start fusion-flex-content-wrap\" style=\"max-width:1497.6px;margin-left: calc(-4% \/ 2 );margin-right: calc(-4% \/ 2 );\"><div class=\"fusion-layout-column fusion_builder_column fusion-builder-column-0 fusion_builder_column_1_1 1_1 fusion-flex-column\" style=\"--awb-bg-size:cover;--awb-width-large:100%;--awb-margin-top-large:0px;--awb-spacing-right-large:1.92%;--awb-margin-bottom-large:20px;--awb-spacing-left-large:1.92%;--awb-width-medium:100%;--awb-order-medium:0;--awb-spacing-right-medium:1.92%;--awb-spacing-left-medium:1.92%;--awb-width-small:100%;--awb-order-small:0;--awb-spacing-right-small:1.92%;--awb-spacing-left-small:1.92%;\"><div class=\"fusion-column-wrapper fusion-column-has-shadow fusion-flex-justify-content-flex-start fusion-content-layout-column\"><div class=\"fusion-text fusion-text-1\" style=\"--awb-text-transform:none;\"><p>Felicidades! Has encontrado nuestra <strong>\u00abP\u00e1gina Secreta\u00bb<\/strong> . No es que te sirva de mucho, ya que no es por nada que sea una p\u00e1gina oculta. Por otro lado, y esa es tu recompensa, aqu\u00ed puedes ver lo que la mayor\u00eda de la gente no suele ver; nuestras llamadas im\u00e1genes \u00abDetr\u00e1s de las C\u00e1maras\u00bb. Muestra que todos nosotros estamos trabajando arduamente para crear algo bonito y bueno para nuestros clientes. Y, sobre todo, que nos divertimos mucho en el proceso. Porque crear cosas bellas y buenas es lo m\u00e1s divertido que hay. Por eso nos levantamos de la cama todos los d\u00edas. Por eso encendemos las luces de nuestra oficina, y despu\u00e9s de un d\u00eda (o una noche) de esfuerzo, las apagamos con gran satisfacci\u00f3n. Con la certeza de que hemos logrado algo. Y de eso no hacemos un secreto en la parte frontal de nuestro sitio&#8230;<\/p>\n<\/div><div class=\"fusion-text fusion-text-2\" style=\"--awb-text-transform:none;\">ngg_shortcode_0_placeholder\n<\/div><\/div><\/div><\/div><\/div>\n","protected":false},"excerpt":{"rendered":"","protected":false},"author":1,"featured_media":0,"parent":0,"menu_order":0,"comment_status":"closed","ping_status":"closed","template":"100-width.php","meta":{"ngg_post_thumbnail":0,"footnotes":""},"class_list":["post-9632","page","type-page","status-publish","hentry"],"yoast_head":"<!-- This site is optimized with the Yoast SEO plugin v26.6 - https:\/\/yoast.com\/wordpress\/plugins\/seo\/ -->\n<title>Secreta - ?!WAT Media<\/title>\n<meta name=\"robots\" content=\"noindex, nofollow\" \/>\n<meta property=\"og:locale\" content=\"es_ES\" \/>\n<meta property=\"og:type\" content=\"article\" \/>\n<meta property=\"og:title\" content=\"Secreta - ?!WAT Media\" \/>\n<meta property=\"og:url\" content=\"https:\/\/wat-media.nl\/es\/secreta\/\" \/>\n<meta property=\"og:site_name\" content=\"?!WAT Media\" \/>\n<meta property=\"article:publisher\" content=\"https:\/\/www.facebook.com\/WATMedia.nl\/\" \/>\n<meta property=\"article:modified_time\" content=\"2024-10-17T10:13:37+00:00\" \/>\n<meta name=\"twitter:card\" content=\"summary_large_image\" \/>\n<meta name=\"twitter:label1\" content=\"Tiempo de lectura\" \/>\n\t<meta name=\"twitter:data1\" content=\"5 minutos\" \/>\n<script type=\"application\/ld+json\" class=\"yoast-schema-graph\">{\"@context\":\"https:\/\/schema.org\",\"@graph\":[{\"@type\":\"WebPage\",\"@id\":\"https:\/\/wat-media.nl\/es\/secreta\/\",\"url\":\"https:\/\/wat-media.nl\/es\/secreta\/\",\"name\":\"Secreta - ?!WAT Media\",\"isPartOf\":{\"@id\":\"https:\/\/wat-media.nl\/es\/#website\"},\"datePublished\":\"2021-05-31T14:44:32+00:00\",\"dateModified\":\"2024-10-17T10:13:37+00:00\",\"breadcrumb\":{\"@id\":\"https:\/\/wat-media.nl\/es\/secreta\/#breadcrumb\"},\"inLanguage\":\"es\",\"potentialAction\":[{\"@type\":\"ReadAction\",\"target\":[\"https:\/\/wat-media.nl\/es\/secreta\/\"]}]},{\"@type\":\"BreadcrumbList\",\"@id\":\"https:\/\/wat-media.nl\/es\/secreta\/#breadcrumb\",\"itemListElement\":[{\"@type\":\"ListItem\",\"position\":1,\"name\":\"Home\",\"item\":\"https:\/\/wat-media.nl\/es\/\"},{\"@type\":\"ListItem\",\"position\":2,\"name\":\"Secreta\"}]},{\"@type\":\"WebSite\",\"@id\":\"https:\/\/wat-media.nl\/es\/#website\",\"url\":\"https:\/\/wat-media.nl\/es\/\",\"name\":\"?!WAT Media\",\"description\":\"Voor al uw media oplossingen\",\"publisher\":{\"@id\":\"https:\/\/wat-media.nl\/es\/#organization\"},\"potentialAction\":[{\"@type\":\"SearchAction\",\"target\":{\"@type\":\"EntryPoint\",\"urlTemplate\":\"https:\/\/wat-media.nl\/es\/?s={search_term_string}\"},\"query-input\":{\"@type\":\"PropertyValueSpecification\",\"valueRequired\":true,\"valueName\":\"search_term_string\"}}],\"inLanguage\":\"es\"},{\"@type\":\"Organization\",\"@id\":\"https:\/\/wat-media.nl\/es\/#organization\",\"name\":\"?!WAT Media\",\"url\":\"https:\/\/wat-media.nl\/es\/\",\"logo\":{\"@type\":\"ImageObject\",\"inLanguage\":\"es\",\"@id\":\"https:\/\/wat-media.nl\/es\/#\/schema\/logo\/image\/\",\"url\":\"https:\/\/wat-media.nl\/wp-content\/uploads\/WAT-media-op-Wit.png\",\"contentUrl\":\"https:\/\/wat-media.nl\/wp-content\/uploads\/WAT-media-op-Wit.png\",\"width\":429,\"height\":155,\"caption\":\"?!WAT Media\"},\"image\":{\"@id\":\"https:\/\/wat-media.nl\/es\/#\/schema\/logo\/image\/\"},\"sameAs\":[\"https:\/\/www.facebook.com\/WATMedia.nl\/\",\"https:\/\/www.instagram.com\/wat_media\/\",\"https:\/\/www.linkedin.com\/company\/wat-media\/\",\"https:\/\/www.youtube.com\/channel\/UC7PzeXY4ctU7UgGhj-hfZ6w\"]}]}<\/script>\n<!-- \/ Yoast SEO plugin. -->","yoast_head_json":{"title":"Secreta - ?!WAT Media","robots":{"index":"noindex","follow":"nofollow"},"og_locale":"es_ES","og_type":"article","og_title":"Secreta - ?!WAT Media","og_url":"https:\/\/wat-media.nl\/es\/secreta\/","og_site_name":"?!WAT Media","article_publisher":"https:\/\/www.facebook.com\/WATMedia.nl\/","article_modified_time":"2024-10-17T10:13:37+00:00","twitter_card":"summary_large_image","twitter_misc":{"Tiempo de lectura":"5 minutos"},"schema":{"@context":"https:\/\/schema.org","@graph":[{"@type":"WebPage","@id":"https:\/\/wat-media.nl\/es\/secreta\/","url":"https:\/\/wat-media.nl\/es\/secreta\/","name":"Secreta - ?!WAT Media","isPartOf":{"@id":"https:\/\/wat-media.nl\/es\/#website"},"datePublished":"2021-05-31T14:44:32+00:00","dateModified":"2024-10-17T10:13:37+00:00","breadcrumb":{"@id":"https:\/\/wat-media.nl\/es\/secreta\/#breadcrumb"},"inLanguage":"es","potentialAction":[{"@type":"ReadAction","target":["https:\/\/wat-media.nl\/es\/secreta\/"]}]},{"@type":"BreadcrumbList","@id":"https:\/\/wat-media.nl\/es\/secreta\/#breadcrumb","itemListElement":[{"@type":"ListItem","position":1,"name":"Home","item":"https:\/\/wat-media.nl\/es\/"},{"@type":"ListItem","position":2,"name":"Secreta"}]},{"@type":"WebSite","@id":"https:\/\/wat-media.nl\/es\/#website","url":"https:\/\/wat-media.nl\/es\/","name":"?!WAT Media","description":"Voor al uw media oplossingen","publisher":{"@id":"https:\/\/wat-media.nl\/es\/#organization"},"potentialAction":[{"@type":"SearchAction","target":{"@type":"EntryPoint","urlTemplate":"https:\/\/wat-media.nl\/es\/?s={search_term_string}"},"query-input":{"@type":"PropertyValueSpecification","valueRequired":true,"valueName":"search_term_string"}}],"inLanguage":"es"},{"@type":"Organization","@id":"https:\/\/wat-media.nl\/es\/#organization","name":"?!WAT Media","url":"https:\/\/wat-media.nl\/es\/","logo":{"@type":"ImageObject","inLanguage":"es","@id":"https:\/\/wat-media.nl\/es\/#\/schema\/logo\/image\/","url":"https:\/\/wat-media.nl\/wp-content\/uploads\/WAT-media-op-Wit.png","contentUrl":"https:\/\/wat-media.nl\/wp-content\/uploads\/WAT-media-op-Wit.png","width":429,"height":155,"caption":"?!WAT Media"},"image":{"@id":"https:\/\/wat-media.nl\/es\/#\/schema\/logo\/image\/"},"sameAs":["https:\/\/www.facebook.com\/WATMedia.nl\/","https:\/\/www.instagram.com\/wat_media\/","https:\/\/www.linkedin.com\/company\/wat-media\/","https:\/\/www.youtube.com\/channel\/UC7PzeXY4ctU7UgGhj-hfZ6w"]}]}},"_links":{"self":[{"href":"https:\/\/wat-media.nl\/es\/wp-json\/wp\/v2\/pages\/9632","targetHints":{"allow":["GET"]}}],"collection":[{"href":"https:\/\/wat-media.nl\/es\/wp-json\/wp\/v2\/pages"}],"about":[{"href":"https:\/\/wat-media.nl\/es\/wp-json\/wp\/v2\/types\/page"}],"author":[{"embeddable":true,"href":"https:\/\/wat-media.nl\/es\/wp-json\/wp\/v2\/users\/1"}],"replies":[{"embeddable":true,"href":"https:\/\/wat-media.nl\/es\/wp-json\/wp\/v2\/comments?post=9632"}],"version-history":[{"count":4,"href":"https:\/\/wat-media.nl\/es\/wp-json\/wp\/v2\/pages\/9632\/revisions"}],"predecessor-version":[{"id":9646,"href":"https:\/\/wat-media.nl\/es\/wp-json\/wp\/v2\/pages\/9632\/revisions\/9646"}],"wp:attachment":[{"href":"https:\/\/wat-media.nl\/es\/wp-json\/wp\/v2\/media?parent=9632"}],"curies":[{"name":"wp","href":"https:\/\/api.w.org\/{rel}","templated":true}]}}