{"id":9735,"date":"2024-10-19T12:40:26","date_gmt":"2024-10-19T10:40:26","guid":{"rendered":"https:\/\/wat-media.nl\/privacybeleid\/"},"modified":"2024-10-21T11:15:21","modified_gmt":"2024-10-21T09:15:21","slug":"datenschutzerklaerung","status":"publish","type":"page","link":"https:\/\/wat-media.nl\/de\/datenschutzerklaerung\/","title":{"rendered":"Datenschutzerkl\u00e4rung"},"content":{"rendered":"<p><div class=\"fusion-fullwidth fullwidth-box fusion-builder-row-1 fusion-flex-container nonhundred-percent-fullwidth non-hundred-percent-height-scrolling\" style=\"--awb-border-radius-top-left:0px;--awb-border-radius-top-right:0px;--awb-border-radius-bottom-right:0px;--awb-border-radius-bottom-left:0px;--awb-padding-top:70px;--awb-padding-bottom:30px;--awb-flex-wrap:wrap;\" ><div class=\"fusion-builder-row fusion-row fusion-flex-align-items-flex-start fusion-flex-content-wrap\" style=\"max-width:1497.6px;margin-left: calc(-4% \/ 2 );margin-right: calc(-4% \/ 2 );\"><div class=\"fusion-layout-column fusion_builder_column fusion-builder-column-0 fusion_builder_column_1_1 1_1 fusion-flex-column\" style=\"--awb-bg-size:cover;--awb-width-large:100%;--awb-margin-top-large:0px;--awb-spacing-right-large:1.92%;--awb-margin-bottom-large:20px;--awb-spacing-left-large:1.92%;--awb-width-medium:100%;--awb-order-medium:0;--awb-spacing-right-medium:1.92%;--awb-spacing-left-medium:1.92%;--awb-width-small:100%;--awb-order-small:0;--awb-spacing-right-small:1.92%;--awb-spacing-left-small:1.92%;\"><div class=\"fusion-column-wrapper fusion-column-has-shadow fusion-flex-justify-content-flex-start fusion-content-layout-column\"><div class=\"fusion-text fusion-text-1\"><p><strong>Cookies<\/strong><br \/>\nWenn du einen Kommentar auf unserer Seite hinterl\u00e4sst, kannst du angeben, ob dein Name, deine E-Mail-Adresse und deine Website in einem Cookie gespeichert werden sollen. Dies tun wir zu deinem Komfort, damit du diese Daten nicht erneut f\u00fcr einen neuen Kommentar ausf\u00fcllen musst. Diese Cookies sind ein Jahr lang g\u00fcltig. Wenn du ein Konto hast und dich auf dieser Seite anmeldest, speichern wir ein tempor\u00e4res Cookie, um zu bestimmen, ob dein Browser Cookies akzeptiert. Dieses Cookie enth\u00e4lt keine pers\u00f6nlichen Daten und wird gel\u00f6scht, sobald du deinen Browser schlie\u00dft. Sobald du dich anmeldest, speichern wir einige Cookies, die mit deinen Anmeldedaten und Bildschirmdarstellungsoptionen zusammenh\u00e4ngen. Anmeldecookies sind 2 Tage g\u00fcltig, und Cookies f\u00fcr Bildschirmdarstellungsoptionen sind 1 Jahr g\u00fcltig. Wenn du &#8222;Erinnere mich&#8220; ausw\u00e4hlst, wird deine Anmeldung 2 Wochen lang gespeichert. Sobald du dich von deinem Konto abmeldest, werden die Anmeldecookies gel\u00f6scht. Wenn du einen Beitrag bearbeitest oder ver\u00f6ffentlichst, wird ein zus\u00e4tzliches Cookie von deinem Browser gespeichert. Dieses Cookie enth\u00e4lt keine pers\u00f6nlichen Daten und speichert nur die Post-ID des Artikels, den du bearbeitet hast. Dieses Cookie l\u00e4uft nach einem Tag ab.<\/p>\n<p><strong>Eingebetteter Inhalt von anderen Websites<br \/>\n<\/strong>Beitr\u00e4ge auf dieser Seite k\u00f6nnen eingebetteten Inhalt enthalten (z. B. Videos, Bilder, Beitr\u00e4ge usw.). Eingebetteter Inhalt von anderen Websites verh\u00e4lt sich genau so, als ob der Besucher diese andere Website besucht h\u00e4tte. Diese Websites k\u00f6nnen Daten \u00fcber dich sammeln, Cookies verwenden, Drittanbieter-Tracking einbetten und deine Interaktion mit diesem eingebetteten Inhalt \u00fcberwachen, einschlie\u00dflich der Interaktion mit eingebettetem Inhalt, wenn du ein Konto hast und bei dieser Website angemeldet bist.<\/p>\n<h4><strong>Mit wem wir deine Daten teilen<\/strong><\/h4>\n<h4><strong>Wie lange wir deine Daten aufbewahren<\/strong><\/h4>\n<p>Wenn du ein Konto auf dieser Seite hast oder Kommentare hinterlassen hast, kannst du eine Exportdatei deiner pers\u00f6nlichen Daten anfordern, die wir \u00fcber dich haben, einschlie\u00dflich aller Daten, die du uns gegeben hast. Du kannst auch verlangen, dass wir alle pers\u00f6nlichen Daten, die wir \u00fcber dich haben, l\u00f6schen. Dies umfasst keine Daten, die wir aus administrativen, rechtlichen oder sicherheitstechnischen Gr\u00fcnden aufbewahren m\u00fcssen.<\/p>\n<h4><strong>Welche Rechte du an deinen Daten hast<\/strong><\/h4>\n<p>Wenn du ein Konto auf dieser Seite hast oder Kommentare hinterlassen hast, kannst du eine Exportdatei deiner pers\u00f6nlichen Daten anfordern, die wir \u00fcber dich haben, einschlie\u00dflich aller Daten, die du uns gegeben hast. Du kannst auch verlangen, dass wir alle pers\u00f6nlichen Daten, die wir \u00fcber dich haben, l\u00f6schen. Dies umfasst keine Daten, die wir aus administrativen, rechtlichen oder sicherheitstechnischen Gr\u00fcnden aufbewahren m\u00fcssen.<\/p>\n<h4><strong>Wohin wir deine Daten senden<\/strong><\/h4>\n<p>Kommentare von Besuchern k\u00f6nnen durch einen automatisierten Spam-\u00dcberpr\u00fcfungsdienst geleitet werden.<\/p>\n<h4><strong>Kontaktinformationen<\/strong><\/h4>\n<p>Sint Mathiasstraat 7<br \/>\n6004 AB Weert<\/p>\n<p>www.wat-media.nl<br \/>\ninfo@wat-media.nl<\/p>\n<p>Bank: NL79 ABNA 0828462461<br \/>\nHandelsregisternummer (KVK): 72532211<br \/>\nUSt-IdNr.: NL859143685B01<\/p>\n<\/div><\/div><\/div><\/div><\/div><div class=\"fusion-fullwidth fullwidth-box fusion-builder-row-2 fusion-flex-container has-pattern-background has-mask-background nonhundred-percent-fullwidth non-hundred-percent-height-scrolling fusion-sticky-container fusion-custom-z-index\" style=\"--awb-border-radius-top-left:0px;--awb-border-radius-top-right:0px;--awb-border-radius-bottom-right:0px;--awb-border-radius-bottom-left:0px;--awb-z-index:9998;--awb-padding-left:100px;--awb-padding-top-medium:15px;--awb-padding-right-medium:30px;--awb-padding-bottom-medium:30px;--awb-padding-left-medium:30px;--awb-padding-top-small:15px;--awb-padding-right-small:20px;--awb-padding-bottom-small:30px;--awb-padding-left-small:20px;--awb-background-color:#ff6600;--awb-flex-wrap:wrap;\" data-transition-offset=\"0\" data-scroll-offset=\"0\" data-sticky-medium-visibility=\"1\" data-sticky-large-visibility=\"1\" ><div class=\"fusion-builder-row fusion-row fusion-flex-align-items-center fusion-flex-justify-content-center fusion-flex-content-wrap\" style=\"max-width:1497.6px;margin-left: calc(-4% \/ 2 );margin-right: calc(-4% \/ 2 );\"><div class=\"fusion-layout-column fusion_builder_column fusion-builder-column-1 fusion_builder_column_2_3 2_3 fusion-flex-column\" style=\"--awb-padding-top:20px;--awb-bg-size:cover;--awb-width-large:66.666666666667%;--awb-margin-top-large:0px;--awb-spacing-right-large:2.88%;--awb-margin-bottom-large:0px;--awb-spacing-left-large:2.88%;--awb-width-medium:100%;--awb-order-medium:0;--awb-spacing-right-medium:1.92%;--awb-spacing-left-medium:1.92%;--awb-width-small:100%;--awb-order-small:0;--awb-spacing-right-small:1.92%;--awb-spacing-left-small:1.92%;\"><div class=\"fusion-column-wrapper fusion-column-has-shadow fusion-flex-justify-content-flex-start fusion-content-layout-column\"><div class=\"fusion-text fusion-text-2 sm-text-align-center\" style=\"--awb-font-size:20px;\"><div class=\"fusion-text fusion-text-2\"><\/div>\n<p><strong><em>M\u00f6chten Sie einen klaren Weg? Einen guten Eindruck hinterlassen? Kunden, die zur\u00fcckkommen? Maximalen Ertrag? Ein gutes Gef\u00fchl? Effektives Jagen? Einen Partner, der mitdenkt? Dr\u00fccken Sie dann auf den Knopf\u2026!<\/em><\/strong><\/p>\n<\/div><\/div><\/div><div class=\"fusion-layout-column fusion_builder_column fusion-builder-column-2 fusion_builder_column_1_3 1_3 fusion-flex-column\" style=\"--awb-bg-size:cover;--awb-width-large:33.333333333333%;--awb-margin-top-large:0px;--awb-spacing-right-large:5.76%;--awb-margin-bottom-large:0px;--awb-spacing-left-large:5.76%;--awb-width-medium:100%;--awb-order-medium:0;--awb-spacing-right-medium:1.92%;--awb-spacing-left-medium:1.92%;--awb-width-small:100%;--awb-order-small:0;--awb-spacing-right-small:1.92%;--awb-spacing-left-small:1.92%;\"><div class=\"fusion-column-wrapper fusion-column-has-shadow fusion-flex-justify-content-center fusion-content-layout-column\"><div style=\"text-align:center;\"><a class=\"fusion-button button-flat button-large button-custom fusion-button-default button-1 fusion-button-default-span fusion-button-default-type\" style=\"--button_accent_color:#ffffff;--button_accent_hover_color:#ff6600;--button_border_hover_color:#ffffff;--button_border_width-top:0px;--button_border_width-right:0px;--button_border_width-bottom:0px;--button_border_width-left:0px;--button_gradient_top_color:#000000;--button_gradient_bottom_color:#000000;--button_gradient_top_color_hover:#000000;--button_gradient_bottom_color_hover:#000000;--button_text_transform:uppercase;\" target=\"_self\" href=\"https:\/\/wat-media.nl\/de\/kontakt\/\"><span class=\"fusion-button-text awb-button__text awb-button__text--default\">Kontakt aufnehmen<\/span><\/a><\/div><\/div><\/div><\/div><\/div>\n<\/p>\n","protected":false},"excerpt":{"rendered":"","protected":false},"author":3,"featured_media":0,"parent":0,"menu_order":0,"comment_status":"closed","ping_status":"closed","template":"100-width.php","meta":{"ngg_post_thumbnail":0,"footnotes":""},"class_list":["post-9735","page","type-page","status-publish","hentry"],"yoast_head":"<!-- This site is optimized with the Yoast SEO plugin v26.6 - https:\/\/yoast.com\/wordpress\/plugins\/seo\/ -->\n<title>Datenschutzerkl\u00e4rung - ?!WAT Media<\/title>\n<meta name=\"robots\" content=\"index, follow, max-snippet:-1, max-image-preview:large, max-video-preview:-1\" \/>\n<link rel=\"canonical\" href=\"https:\/\/wat-media.nl\/de\/datenschutzerklaerung\/\" \/>\n<meta property=\"og:locale\" content=\"de_DE\" \/>\n<meta property=\"og:type\" content=\"article\" \/>\n<meta property=\"og:title\" content=\"Datenschutzerkl\u00e4rung - ?!WAT Media\" \/>\n<meta property=\"og:url\" content=\"https:\/\/wat-media.nl\/de\/datenschutzerklaerung\/\" \/>\n<meta property=\"og:site_name\" content=\"?!WAT Media\" \/>\n<meta property=\"article:publisher\" content=\"https:\/\/www.facebook.com\/WATMedia.nl\/\" \/>\n<meta property=\"article:modified_time\" content=\"2024-10-21T09:15:21+00:00\" \/>\n<meta name=\"twitter:card\" content=\"summary_large_image\" \/>\n<meta name=\"twitter:label1\" content=\"Gesch\u00e4tzte Lesezeit\" \/>\n\t<meta name=\"twitter:data1\" content=\"3\u00a0Minuten\" \/>\n<script type=\"application\/ld+json\" class=\"yoast-schema-graph\">{\"@context\":\"https:\/\/schema.org\",\"@graph\":[{\"@type\":\"WebPage\",\"@id\":\"https:\/\/wat-media.nl\/de\/datenschutzerklaerung\/\",\"url\":\"https:\/\/wat-media.nl\/de\/datenschutzerklaerung\/\",\"name\":\"Datenschutzerkl\u00e4rung - ?!WAT Media\",\"isPartOf\":{\"@id\":\"https:\/\/wat-media.nl\/de\/#website\"},\"datePublished\":\"2024-10-19T10:40:26+00:00\",\"dateModified\":\"2024-10-21T09:15:21+00:00\",\"breadcrumb\":{\"@id\":\"https:\/\/wat-media.nl\/de\/datenschutzerklaerung\/#breadcrumb\"},\"inLanguage\":\"de\",\"potentialAction\":[{\"@type\":\"ReadAction\",\"target\":[\"https:\/\/wat-media.nl\/de\/datenschutzerklaerung\/\"]}]},{\"@type\":\"BreadcrumbList\",\"@id\":\"https:\/\/wat-media.nl\/de\/datenschutzerklaerung\/#breadcrumb\",\"itemListElement\":[{\"@type\":\"ListItem\",\"position\":1,\"name\":\"Home\",\"item\":\"https:\/\/wat-media.nl\/de\/\"},{\"@type\":\"ListItem\",\"position\":2,\"name\":\"Datenschutzerkl\u00e4rung\"}]},{\"@type\":\"WebSite\",\"@id\":\"https:\/\/wat-media.nl\/de\/#website\",\"url\":\"https:\/\/wat-media.nl\/de\/\",\"name\":\"?!WAT Media\",\"description\":\"Voor al uw media oplossingen\",\"publisher\":{\"@id\":\"https:\/\/wat-media.nl\/de\/#organization\"},\"potentialAction\":[{\"@type\":\"SearchAction\",\"target\":{\"@type\":\"EntryPoint\",\"urlTemplate\":\"https:\/\/wat-media.nl\/de\/?s={search_term_string}\"},\"query-input\":{\"@type\":\"PropertyValueSpecification\",\"valueRequired\":true,\"valueName\":\"search_term_string\"}}],\"inLanguage\":\"de\"},{\"@type\":\"Organization\",\"@id\":\"https:\/\/wat-media.nl\/de\/#organization\",\"name\":\"?!WAT Media\",\"url\":\"https:\/\/wat-media.nl\/de\/\",\"logo\":{\"@type\":\"ImageObject\",\"inLanguage\":\"de\",\"@id\":\"https:\/\/wat-media.nl\/de\/#\/schema\/logo\/image\/\",\"url\":\"https:\/\/wat-media.nl\/wp-content\/uploads\/WAT-media-op-Wit.png\",\"contentUrl\":\"https:\/\/wat-media.nl\/wp-content\/uploads\/WAT-media-op-Wit.png\",\"width\":429,\"height\":155,\"caption\":\"?!WAT Media\"},\"image\":{\"@id\":\"https:\/\/wat-media.nl\/de\/#\/schema\/logo\/image\/\"},\"sameAs\":[\"https:\/\/www.facebook.com\/WATMedia.nl\/\",\"https:\/\/www.instagram.com\/wat_media\/\",\"https:\/\/www.linkedin.com\/company\/wat-media\/\",\"https:\/\/www.youtube.com\/channel\/UC7PzeXY4ctU7UgGhj-hfZ6w\"]}]}<\/script>\n<!-- \/ Yoast SEO plugin. -->","yoast_head_json":{"title":"Datenschutzerkl\u00e4rung - ?!WAT Media","robots":{"index":"index","follow":"follow","max-snippet":"max-snippet:-1","max-image-preview":"max-image-preview:large","max-video-preview":"max-video-preview:-1"},"canonical":"https:\/\/wat-media.nl\/de\/datenschutzerklaerung\/","og_locale":"de_DE","og_type":"article","og_title":"Datenschutzerkl\u00e4rung - ?!WAT Media","og_url":"https:\/\/wat-media.nl\/de\/datenschutzerklaerung\/","og_site_name":"?!WAT Media","article_publisher":"https:\/\/www.facebook.com\/WATMedia.nl\/","article_modified_time":"2024-10-21T09:15:21+00:00","twitter_card":"summary_large_image","twitter_misc":{"Gesch\u00e4tzte Lesezeit":"3\u00a0Minuten"},"schema":{"@context":"https:\/\/schema.org","@graph":[{"@type":"WebPage","@id":"https:\/\/wat-media.nl\/de\/datenschutzerklaerung\/","url":"https:\/\/wat-media.nl\/de\/datenschutzerklaerung\/","name":"Datenschutzerkl\u00e4rung - ?!WAT Media","isPartOf":{"@id":"https:\/\/wat-media.nl\/de\/#website"},"datePublished":"2024-10-19T10:40:26+00:00","dateModified":"2024-10-21T09:15:21+00:00","breadcrumb":{"@id":"https:\/\/wat-media.nl\/de\/datenschutzerklaerung\/#breadcrumb"},"inLanguage":"de","potentialAction":[{"@type":"ReadAction","target":["https:\/\/wat-media.nl\/de\/datenschutzerklaerung\/"]}]},{"@type":"BreadcrumbList","@id":"https:\/\/wat-media.nl\/de\/datenschutzerklaerung\/#breadcrumb","itemListElement":[{"@type":"ListItem","position":1,"name":"Home","item":"https:\/\/wat-media.nl\/de\/"},{"@type":"ListItem","position":2,"name":"Datenschutzerkl\u00e4rung"}]},{"@type":"WebSite","@id":"https:\/\/wat-media.nl\/de\/#website","url":"https:\/\/wat-media.nl\/de\/","name":"?!WAT Media","description":"Voor al uw media oplossingen","publisher":{"@id":"https:\/\/wat-media.nl\/de\/#organization"},"potentialAction":[{"@type":"SearchAction","target":{"@type":"EntryPoint","urlTemplate":"https:\/\/wat-media.nl\/de\/?s={search_term_string}"},"query-input":{"@type":"PropertyValueSpecification","valueRequired":true,"valueName":"search_term_string"}}],"inLanguage":"de"},{"@type":"Organization","@id":"https:\/\/wat-media.nl\/de\/#organization","name":"?!WAT Media","url":"https:\/\/wat-media.nl\/de\/","logo":{"@type":"ImageObject","inLanguage":"de","@id":"https:\/\/wat-media.nl\/de\/#\/schema\/logo\/image\/","url":"https:\/\/wat-media.nl\/wp-content\/uploads\/WAT-media-op-Wit.png","contentUrl":"https:\/\/wat-media.nl\/wp-content\/uploads\/WAT-media-op-Wit.png","width":429,"height":155,"caption":"?!WAT Media"},"image":{"@id":"https:\/\/wat-media.nl\/de\/#\/schema\/logo\/image\/"},"sameAs":["https:\/\/www.facebook.com\/WATMedia.nl\/","https:\/\/www.instagram.com\/wat_media\/","https:\/\/www.linkedin.com\/company\/wat-media\/","https:\/\/www.youtube.com\/channel\/UC7PzeXY4ctU7UgGhj-hfZ6w"]}]}},"_links":{"self":[{"href":"https:\/\/wat-media.nl\/de\/wp-json\/wp\/v2\/pages\/9735","targetHints":{"allow":["GET"]}}],"collection":[{"href":"https:\/\/wat-media.nl\/de\/wp-json\/wp\/v2\/pages"}],"about":[{"href":"https:\/\/wat-media.nl\/de\/wp-json\/wp\/v2\/types\/page"}],"author":[{"embeddable":true,"href":"https:\/\/wat-media.nl\/de\/wp-json\/wp\/v2\/users\/3"}],"replies":[{"embeddable":true,"href":"https:\/\/wat-media.nl\/de\/wp-json\/wp\/v2\/comments?post=9735"}],"version-history":[{"count":4,"href":"https:\/\/wat-media.nl\/de\/wp-json\/wp\/v2\/pages\/9735\/revisions"}],"predecessor-version":[{"id":9786,"href":"https:\/\/wat-media.nl\/de\/wp-json\/wp\/v2\/pages\/9735\/revisions\/9786"}],"wp:attachment":[{"href":"https:\/\/wat-media.nl\/de\/wp-json\/wp\/v2\/media?parent=9735"}],"curies":[{"name":"wp","href":"https:\/\/api.w.org\/{rel}","templated":true}]}}