{"id":9635,"date":"2021-05-31T16:44:32","date_gmt":"2021-05-31T14:44:32","guid":{"rendered":"https:\/\/wat-media.nl\/geheime\/"},"modified":"2024-10-17T12:13:38","modified_gmt":"2024-10-17T10:13:38","slug":"geheime","status":"publish","type":"page","link":"https:\/\/wat-media.nl\/de\/geheime\/","title":{"rendered":"Geheime"},"content":{"rendered":"<div class=\"fusion-fullwidth fullwidth-box fusion-builder-row-1 fusion-flex-container has-pattern-background has-mask-background nonhundred-percent-fullwidth non-hundred-percent-height-scrolling\" style=\"--awb-border-radius-top-left:0px;--awb-border-radius-top-right:0px;--awb-border-radius-bottom-right:0px;--awb-border-radius-bottom-left:0px;--awb-padding-top:50px;--awb-flex-wrap:wrap;\" ><div class=\"fusion-builder-row fusion-row fusion-flex-align-items-flex-start fusion-flex-content-wrap\" style=\"max-width:1497.6px;margin-left: calc(-4% \/ 2 );margin-right: calc(-4% \/ 2 );\"><div class=\"fusion-layout-column fusion_builder_column fusion-builder-column-0 fusion_builder_column_1_1 1_1 fusion-flex-column\" style=\"--awb-bg-size:cover;--awb-width-large:100%;--awb-margin-top-large:0px;--awb-spacing-right-large:1.92%;--awb-margin-bottom-large:20px;--awb-spacing-left-large:1.92%;--awb-width-medium:100%;--awb-order-medium:0;--awb-spacing-right-medium:1.92%;--awb-spacing-left-medium:1.92%;--awb-width-small:100%;--awb-order-small:0;--awb-spacing-right-small:1.92%;--awb-spacing-left-small:1.92%;\"><div class=\"fusion-column-wrapper fusion-column-has-shadow fusion-flex-justify-content-flex-start fusion-content-layout-column\"><div class=\"fusion-text fusion-text-1\" style=\"--awb-text-transform:none;\"><p>Herzlichen Gl\u00fcckwunsch! Du hast unsere <strong>&#8222;Geheime Seite&#8220;<\/strong> gefunden. Nicht, dass du viel davon hast, denn es ist nicht umsonst eine versteckte Seite. Andererseits, und das ist dann deine Belohnung, kannst du hier sehen, was die meisten Menschen im Allgemeinen nicht zu sehen bekommen; unsere sogenannten &#8222;Hinter den Kulissen&#8220; Bilder. Es zeigt, dass wir alle hart daran arbeiten, etwas Sch\u00f6nes und Gutes f\u00fcr unsere Kunden zu schaffen. Und vor allem, dass wir dabei enorm viel Spa\u00df haben. Denn sch\u00f6ne und gute Dinge zu schaffen, ist das Sch\u00f6nste, was es gibt. Daf\u00fcr stehen wir jeden Tag wieder auf. Daf\u00fcr schalten wir das Licht in unserem B\u00fcro ein, und nach einem Tag (oder einer Nacht) harter Arbeit schalten wir es sehr zufrieden wieder aus. In dem Wissen, dass wir wieder etwas erreicht haben. Und das machen wir an der Vorderseite unserer Seite auch nicht geheim&#8230;<\/p>\n<\/div><div class=\"fusion-text fusion-text-2\" style=\"--awb-text-transform:none;\">ngg_shortcode_0_placeholder\n<\/div><\/div><\/div><\/div><\/div>\n","protected":false},"excerpt":{"rendered":"","protected":false},"author":1,"featured_media":0,"parent":0,"menu_order":0,"comment_status":"closed","ping_status":"closed","template":"100-width.php","meta":{"ngg_post_thumbnail":0,"footnotes":""},"class_list":["post-9635","page","type-page","status-publish","hentry"],"yoast_head":"<!-- This site is optimized with the Yoast SEO plugin v26.6 - https:\/\/yoast.com\/wordpress\/plugins\/seo\/ -->\n<title>Geheime - ?!WAT Media<\/title>\n<meta name=\"robots\" content=\"noindex, nofollow\" \/>\n<meta property=\"og:locale\" content=\"de_DE\" \/>\n<meta property=\"og:type\" content=\"article\" \/>\n<meta property=\"og:title\" content=\"Geheime - ?!WAT Media\" \/>\n<meta property=\"og:url\" content=\"https:\/\/wat-media.nl\/de\/geheime\/\" \/>\n<meta property=\"og:site_name\" content=\"?!WAT Media\" \/>\n<meta property=\"article:publisher\" content=\"https:\/\/www.facebook.com\/WATMedia.nl\/\" \/>\n<meta property=\"article:modified_time\" content=\"2024-10-17T10:13:38+00:00\" \/>\n<meta name=\"twitter:card\" content=\"summary_large_image\" \/>\n<meta name=\"twitter:label1\" content=\"Gesch\u00e4tzte Lesezeit\" \/>\n\t<meta name=\"twitter:data1\" content=\"5\u00a0Minuten\" \/>\n<script type=\"application\/ld+json\" class=\"yoast-schema-graph\">{\"@context\":\"https:\/\/schema.org\",\"@graph\":[{\"@type\":\"WebPage\",\"@id\":\"https:\/\/wat-media.nl\/de\/geheime\/\",\"url\":\"https:\/\/wat-media.nl\/de\/geheime\/\",\"name\":\"Geheime - ?!WAT Media\",\"isPartOf\":{\"@id\":\"https:\/\/wat-media.nl\/de\/#website\"},\"datePublished\":\"2021-05-31T14:44:32+00:00\",\"dateModified\":\"2024-10-17T10:13:38+00:00\",\"breadcrumb\":{\"@id\":\"https:\/\/wat-media.nl\/de\/geheime\/#breadcrumb\"},\"inLanguage\":\"de\",\"potentialAction\":[{\"@type\":\"ReadAction\",\"target\":[\"https:\/\/wat-media.nl\/de\/geheime\/\"]}]},{\"@type\":\"BreadcrumbList\",\"@id\":\"https:\/\/wat-media.nl\/de\/geheime\/#breadcrumb\",\"itemListElement\":[{\"@type\":\"ListItem\",\"position\":1,\"name\":\"Home\",\"item\":\"https:\/\/wat-media.nl\/de\/\"},{\"@type\":\"ListItem\",\"position\":2,\"name\":\"Geheime\"}]},{\"@type\":\"WebSite\",\"@id\":\"https:\/\/wat-media.nl\/de\/#website\",\"url\":\"https:\/\/wat-media.nl\/de\/\",\"name\":\"?!WAT Media\",\"description\":\"Voor al uw media oplossingen\",\"publisher\":{\"@id\":\"https:\/\/wat-media.nl\/de\/#organization\"},\"potentialAction\":[{\"@type\":\"SearchAction\",\"target\":{\"@type\":\"EntryPoint\",\"urlTemplate\":\"https:\/\/wat-media.nl\/de\/?s={search_term_string}\"},\"query-input\":{\"@type\":\"PropertyValueSpecification\",\"valueRequired\":true,\"valueName\":\"search_term_string\"}}],\"inLanguage\":\"de\"},{\"@type\":\"Organization\",\"@id\":\"https:\/\/wat-media.nl\/de\/#organization\",\"name\":\"?!WAT Media\",\"url\":\"https:\/\/wat-media.nl\/de\/\",\"logo\":{\"@type\":\"ImageObject\",\"inLanguage\":\"de\",\"@id\":\"https:\/\/wat-media.nl\/de\/#\/schema\/logo\/image\/\",\"url\":\"https:\/\/wat-media.nl\/wp-content\/uploads\/WAT-media-op-Wit.png\",\"contentUrl\":\"https:\/\/wat-media.nl\/wp-content\/uploads\/WAT-media-op-Wit.png\",\"width\":429,\"height\":155,\"caption\":\"?!WAT Media\"},\"image\":{\"@id\":\"https:\/\/wat-media.nl\/de\/#\/schema\/logo\/image\/\"},\"sameAs\":[\"https:\/\/www.facebook.com\/WATMedia.nl\/\",\"https:\/\/www.instagram.com\/wat_media\/\",\"https:\/\/www.linkedin.com\/company\/wat-media\/\",\"https:\/\/www.youtube.com\/channel\/UC7PzeXY4ctU7UgGhj-hfZ6w\"]}]}<\/script>\n<!-- \/ Yoast SEO plugin. -->","yoast_head_json":{"title":"Geheime - ?!WAT Media","robots":{"index":"noindex","follow":"nofollow"},"og_locale":"de_DE","og_type":"article","og_title":"Geheime - ?!WAT Media","og_url":"https:\/\/wat-media.nl\/de\/geheime\/","og_site_name":"?!WAT Media","article_publisher":"https:\/\/www.facebook.com\/WATMedia.nl\/","article_modified_time":"2024-10-17T10:13:38+00:00","twitter_card":"summary_large_image","twitter_misc":{"Gesch\u00e4tzte Lesezeit":"5\u00a0Minuten"},"schema":{"@context":"https:\/\/schema.org","@graph":[{"@type":"WebPage","@id":"https:\/\/wat-media.nl\/de\/geheime\/","url":"https:\/\/wat-media.nl\/de\/geheime\/","name":"Geheime - ?!WAT Media","isPartOf":{"@id":"https:\/\/wat-media.nl\/de\/#website"},"datePublished":"2021-05-31T14:44:32+00:00","dateModified":"2024-10-17T10:13:38+00:00","breadcrumb":{"@id":"https:\/\/wat-media.nl\/de\/geheime\/#breadcrumb"},"inLanguage":"de","potentialAction":[{"@type":"ReadAction","target":["https:\/\/wat-media.nl\/de\/geheime\/"]}]},{"@type":"BreadcrumbList","@id":"https:\/\/wat-media.nl\/de\/geheime\/#breadcrumb","itemListElement":[{"@type":"ListItem","position":1,"name":"Home","item":"https:\/\/wat-media.nl\/de\/"},{"@type":"ListItem","position":2,"name":"Geheime"}]},{"@type":"WebSite","@id":"https:\/\/wat-media.nl\/de\/#website","url":"https:\/\/wat-media.nl\/de\/","name":"?!WAT Media","description":"Voor al uw media oplossingen","publisher":{"@id":"https:\/\/wat-media.nl\/de\/#organization"},"potentialAction":[{"@type":"SearchAction","target":{"@type":"EntryPoint","urlTemplate":"https:\/\/wat-media.nl\/de\/?s={search_term_string}"},"query-input":{"@type":"PropertyValueSpecification","valueRequired":true,"valueName":"search_term_string"}}],"inLanguage":"de"},{"@type":"Organization","@id":"https:\/\/wat-media.nl\/de\/#organization","name":"?!WAT Media","url":"https:\/\/wat-media.nl\/de\/","logo":{"@type":"ImageObject","inLanguage":"de","@id":"https:\/\/wat-media.nl\/de\/#\/schema\/logo\/image\/","url":"https:\/\/wat-media.nl\/wp-content\/uploads\/WAT-media-op-Wit.png","contentUrl":"https:\/\/wat-media.nl\/wp-content\/uploads\/WAT-media-op-Wit.png","width":429,"height":155,"caption":"?!WAT Media"},"image":{"@id":"https:\/\/wat-media.nl\/de\/#\/schema\/logo\/image\/"},"sameAs":["https:\/\/www.facebook.com\/WATMedia.nl\/","https:\/\/www.instagram.com\/wat_media\/","https:\/\/www.linkedin.com\/company\/wat-media\/","https:\/\/www.youtube.com\/channel\/UC7PzeXY4ctU7UgGhj-hfZ6w"]}]}},"_links":{"self":[{"href":"https:\/\/wat-media.nl\/de\/wp-json\/wp\/v2\/pages\/9635","targetHints":{"allow":["GET"]}}],"collection":[{"href":"https:\/\/wat-media.nl\/de\/wp-json\/wp\/v2\/pages"}],"about":[{"href":"https:\/\/wat-media.nl\/de\/wp-json\/wp\/v2\/types\/page"}],"author":[{"embeddable":true,"href":"https:\/\/wat-media.nl\/de\/wp-json\/wp\/v2\/users\/1"}],"replies":[{"embeddable":true,"href":"https:\/\/wat-media.nl\/de\/wp-json\/wp\/v2\/comments?post=9635"}],"version-history":[{"count":4,"href":"https:\/\/wat-media.nl\/de\/wp-json\/wp\/v2\/pages\/9635\/revisions"}],"predecessor-version":[{"id":9647,"href":"https:\/\/wat-media.nl\/de\/wp-json\/wp\/v2\/pages\/9635\/revisions\/9647"}],"wp:attachment":[{"href":"https:\/\/wat-media.nl\/de\/wp-json\/wp\/v2\/media?parent=9635"}],"curies":[{"name":"wp","href":"https:\/\/api.w.org\/{rel}","templated":true}]}}